{"id":487,"date":"2025-03-01T23:32:03","date_gmt":"2025-03-01T16:32:03","guid":{"rendered":"https:\/\/khoahoa.dut.udn.vn\/?page_id=487"},"modified":"2025-04-18T14:07:47","modified_gmt":"2025-04-18T07:07:47","slug":"gioi-thieu-chung","status":"publish","type":"page","link":"https:\/\/khoahoa.dut.udn.vn\/?page_id=487","title":{"rendered":"Gi\u1edbi thi\u1ec7u chung"},"content":{"rendered":"<p><strong>Th\u00e1ng 10 n\u0103m 1975 tr\u01b0\u1eddng \u0110\u1ea1i h\u1ecdc B\u00e1ch khoa \u0110\u00e0 N\u1eb5ng \u0111\u01b0\u1ee3c th\u00e0nh l\u1eadp v\u00e0 tuy\u1ec3n kh\u00f3a sinh vi\u00ean \u0111\u1ea7u ti\u00ean, l\u00fac \u0111\u00f3 ch\u1ec9 c\u00f3 b\u1ed1n khoa C\u01a1 kh\u00ed, \u0110i\u1ec7n, X\u00e2y d\u1ef1ng v\u00e0 Kinh t\u1ebf. Ng\u00e0y 9 th\u00e1ng 2 n\u0103m 1978 B\u1ed9 tr\u01b0\u1edfng b\u1ed9 \u0110\u1ea1i h\u1ecdc v\u00e0 Trung h\u1ecdc chuy\u00ean nghi\u1ec7p \u0111\u00e3 k\u00fd quy\u1ebft \u0111\u1ecbnh th\u00e0nh l\u1eadp khoa H\u00f3a thu\u1ed9c tr\u01b0\u1eddng \u0110\u1ea1i h\u1ecdc B\u00e1ch khoa \u0110\u00e0 N\u1eb5ng (Quy\u1ebft \u0111\u1ecbnh s\u1ed1 219\/Q\u0110-TC). Quy\u1ebft \u0111\u1ecbnh n\u00e0y \u0111\u00e3 \u0111\u00e1nh d\u1ea5u s\u1ef1 ra \u0111\u1eddi, tr\u01b0\u1edfng th\u00e0nh v\u00e0 ph\u00e1t tri\u1ec3n c\u1ee7a khoa H\u00f3a ng\u00e0y nay, kh\u1eb3ng \u0111\u1ecbnh vai tr\u00f2 c\u1ee7a c\u00e1n b\u1ed9 khoa h\u1ecdc k\u1ef9 thu\u1eadt c\u00e1c ng\u00e0nh K\u1ef9 thu\u1eadt h\u00f3a h\u1ecdc, C\u00f4ng ngh\u1ec7 H\u00f3a h\u1ecdc \u2013 D\u1ea7u v\u00e0 Kh\u00ed, C\u00f4ng ngh\u1ec7 th\u1ef1c ph\u1ea9m, C\u00f4ng ngh\u1ec7 sinh h\u1ecdc \u1edf mi\u1ec1n Trung &#8211; T\u00e2y Nguy\u00ean trong c\u00f4ng cu\u1ed9c x\u00e2y d\u1ef1ng \u0111\u1ea5t n\u01b0\u1edbc, \u0111\u01b0a \u0111\u1ea5t n\u01b0\u1edbc ta ti\u1ebfn l\u00ean c\u00f4ng nghi\u1ec7p h\u00f3a, hi\u1ec7n \u0111\u1ea1i h\u00f3a.<\/strong><\/p>\n<p>Ngay trong n\u0103m th\u00e0nh l\u1eadp, khoa H\u00f3a \u0111\u00e3 tuy\u1ec3n sinh kh\u00f3a \u0111\u1ea7u ti\u00ean v\u1edbi 50 sinh vi\u00ean (l\u1edbp 78H) g\u1ed3m hai ng\u00e0nh K\u1ef9 thu\u1eadt H\u00f3a h\u1ecdc silicat v\u00e0 C\u00f4ng ngh\u1ec7 Th\u1ef1c ph\u1ea9m.<\/p>\n<p>T\u1eeb hai ng\u00e0nh \u0111\u00e0o t\u1ea1o h\u1ec7 ch\u00ednh qui ban \u0111\u1ea7u, ng\u00e0y nay khoa H\u00f3a \u0111\u00e3 m\u1edf r\u1ed9ng qui m\u00f4 v\u00e0 \u0111a d\u1ea1ng h\u00f3a c\u00e1c lo\u1ea1i h\u00ecnh \u0111\u00e0o t\u1ea1o, c\u00e1c ng\u00e0nh h\u1ecdc m\u1edbi l\u1ea7n l\u01b0\u1ee3t ra \u0111\u1eddi nh\u01b0 C\u00f4ng ngh\u1ec7 \u0110i\u1ec7n h\u00f3a (1987), K\u1ef9 thu\u1eadt H\u00f3a h\u1ecdc Polymer (1990), C\u00f4ng ngh\u1ec7 D\u1ea7u kh\u00ed v\u00e0 Khai th\u00e1c d\u1ea7u (1994), C\u00f4ng ngh\u1ec7 Sinh h\u1ecdc (2001), C\u00f4ng ngh\u1ec7 Sinh h\u1ecdc &#8211; Chuy\u00ean ng\u00e0nh Y &#8211; D\u01b0\u1ee3c (2022). Ngo\u00e0i \u0111\u00e0o t\u1ea1o \u0111\u1ea1i h\u1ecdc, khoa H\u00f3a hi\u1ec7n nay \u0111ang \u0111\u00e0o t\u1ea1o cao h\u1ecdc v\u00e0 nghi\u00ean c\u1ee9u sinh c\u00e1c chuy\u00ean ng\u00e0nh C\u00f4ng ngh\u1ec7 th\u1ef1c ph\u1ea9m v\u00e0 \u0111\u1ed3 u\u1ed1ng, K\u1ef9 thu\u1eadt h\u00f3a h\u1ecdc, C\u00f4ng ngh\u1ec7 sinh h\u1ecdc. Vi\u1ec7c \u0111\u1ea3m nh\u1eadn t\u1ed1t c\u00e1c ch\u01b0\u01a1ng tr\u00ecnh \u0111\u00e0o t\u1ea1o sau \u0111\u1ea1i h\u1ecdc \u0111\u00e3 ch\u1ee9ng t\u1ecf s\u1ef1 tr\u01b0\u1edfng th\u00e0nh v\u01b0\u1ee3t b\u1eadc v\u1ec1 ngu\u1ed3n nh\u00e2n l\u1ef1c, n\u0103ng l\u1ef1c \u0111\u00e0o t\u1ea1o v\u00e0 nghi\u00ean c\u1ee9u khoa h\u1ecdc c\u1ee7a c\u00e1n b\u1ed9 gi\u1ea3ng vi\u00ean khoa H\u00f3a.<\/p>\n<p>H\u01a1n 45\u00a0n\u0103m qua khoa H\u00f3a \u0111\u00e3 \u0111\u00e0o t\u1ea1o h\u01a1n 6000 k\u1ef9 s\u01b0, 460 th\u1ea1c s\u0129 v\u00e0 ti\u1ebfn s\u0129. C\u00e1c k\u1ef9 s\u01b0 ra tr\u01b0\u1eddng \u0111\u00e3 v\u00e0 \u0111ang ph\u00e1t huy t\u1ed1t kh\u1ea3 n\u0103ng c\u1ee7a m\u00ecnh, l\u00e0m t\u1ed1t c\u00f4ng t\u00e1c nghi\u00ean c\u1ee9u, s\u1ea3n xu\u1ea5t, qu\u1ea3n l\u00fd, kinh doanh t\u1ea1i c\u00e1c c\u01a1 quan, doanh nghi\u1ec7p t\u1ea1i khu v\u1ef1c mi\u1ec1n Trung &#8211; T\u00e2y Nguy\u00ean, mi\u1ec1n Nam c\u0169ng nh\u01b0 tr\u00ean c\u1ea3 n\u01b0\u1edbc. K\u1ef9 s\u01b0 do khoa \u0111\u00e0o t\u1ea1o \u0111\u01b0\u1ee3c c\u00e1c c\u01a1 quan, c\u00f4ng ty \u0111\u00e1nh gi\u00e1 cao, c\u00f3 \u0111\u1ee7 n\u0103ng l\u1ef1c ti\u1ebfp c\u1eadn c\u00f4ng ngh\u1ec7 n\u01b0\u1edbc ngo\u00e0i hi\u1ec7n \u0111\u1ea1i nh\u1ea5t, ch\u1eb3ng h\u1ea1n trong c\u00e1c ng\u00e0nh xi m\u0103ng, v\u1eadt li\u1ec7u x\u00e2y d\u1ef1ng, ch\u1ebf bi\u1ebfn th\u1ef1c ph\u1ea9m, l\u1ecdc d\u1ea7u, sinh h\u1ecdc\u2026 R\u1ea5t nhi\u1ec1u c\u1ef1u sinh vi\u00ean c\u1ee7a khoa hi\u1ec7n nay \u0111ang n\u1eafm gi\u1eef c\u00e1c v\u1ecb tr\u00ed quan tr\u1ecdng trong c\u00e1c c\u00f4ng ty, nh\u00e0 m\u00e1y, c\u01a1 quan qu\u1ea3n l\u00fd, c\u00e1c tr\u01b0\u1eddng \u0111\u1ea1i h\u1ecdc cao \u0111\u1eb3ng, vi\u1ec7n nghi\u00ean c\u1ee9u v.v\u2026<\/p>\n<p>\u0110\u1ed9i ng\u0169 c\u00e1n b\u1ed9 gi\u1ea3ng d\u1ea1y l\u00fd thuy\u1ebft v\u00e0 th\u1ef1c h\u00e0nh trong h\u01a1n 45\u00a0n\u0103m qua \u0111\u00e3 ph\u00e1t tri\u1ec3n kh\u00f4ng ng\u1eebng. T\u1eeb m\u1ed9t b\u1ed9 m\u00f4n nh\u1ecf ch\u1ec9 c\u00f3 5 c\u00e1n b\u1ed9 gi\u1ea3ng d\u1ea1y c\u00f3 tr\u00ecnh \u0111\u1ed9 \u0111\u1ea1i h\u1ecdc, \u0111\u1ebfn nay khoa H\u00f3a c\u00f3 48\u00a0c\u00e1n b\u1ed9, trong \u0111\u00f3 c\u00f3 10\u00a0Ph\u00f3 Gi\u00e1o s\u01b0, 26\u00a0Ti\u1ebfn s\u0129, 5\u00a0Th\u1ea1c s\u0129. H\u1ea7u h\u1ebft c\u00e1c gi\u1ea3ng vi\u00ean \u0111\u01b0\u1ee3c \u0111\u00e0o t\u1ea1o t\u1ea1i c\u00e1c n\u01b0\u1edbc ph\u00e1t tri\u1ec3n nh\u01b0 Ph\u00e1p, \u0110\u1ee9c, \u00dd, C\u1ed9ng h\u00f2a S\u00e9c, \u00dac, Nh\u1eadt, \u0110\u00e0i Loan\u2026 Nhi\u1ec1u gi\u1ea3ng vi\u00ean t\u1eeb khoa H\u00f3a \u0111\u00e3 tr\u1edf th\u00e0nh ngu\u1ed3n nh\u00e2n l\u1ef1c quan tr\u1ecdng cho s\u1ef1 ph\u00e1t tri\u1ec3n c\u1ee7a tr\u01b0\u1eddng \u0110\u1ea1i h\u1ecdc B\u00e1ch khoa v\u00e0 \u0110\u1ea1i h\u1ecdc \u0110\u00e0 N\u1eb5ng.<\/p>\n<p>Hi\u1ec7n nay Khoa H\u00f3a \u0111\u01b0\u1ee3c chia th\u00e0nh 4 B\u1ed9 m\u00f4n:<\/p>\n<p>&#8211; B\u1ed9 m\u00f4n C\u00f4ng ngh\u1ec7 h\u00f3a h\u1ecdc v\u00e0 v\u1eadt li\u1ec7u<\/p>\n<p>&#8211; B\u1ed9 m\u00f4n C\u00f4ng ngh\u1ec7 h\u00f3a h\u1ecdc \u2013 D\u1ea7u v\u00e0 kh\u00ed<\/p>\n<p>&#8211; B\u1ed9 m\u00f4n C\u00f4ng ngh\u1ec7 th\u1ef1c ph\u1ea9m<\/p>\n<p>&#8211; B\u1ed9 m\u00f4n C\u00f4ng ngh\u1ec7 sinh h\u1ecdc<\/p>\n<p>C\u00e1c th\u1ea7y c\u00f4 trong khoa \u0111\u00e3 t\u00edch c\u1ef1c \u0111\u1ed5i m\u1edbi ph\u01b0\u01a1ng ph\u00e1p gi\u1ea3ng d\u1ea1y, \u00e1p d\u1ee5ng ph\u01b0\u01a1ng ph\u00e1p h\u1ecdc t\u1eadp t\u00edch c\u1ef1c, vi\u1ebft \u0111\u1ea7y \u0111\u1ee7 gi\u00e1o tr\u00ecnh, s\u00e1ch tham kh\u1ea3o cho sinh vi\u00ean. Ch\u01b0\u01a1ng tr\u00ecnh \u0111\u00e0o t\u1ea1o \u0111\u01b0\u1ee3c thi\u1ebft k\u1ebf hi\u1ec7n \u0111\u1ea1i, c\u00f3 \u0111\u1ed1i s\u00e1nh qu\u1ed1c t\u1ebf, \u0111\u00e1p \u1ee9ng nhu c\u1ea7u x\u00e3 h\u1ed9i, c\u00f3 m\u1ee5c ti\u00eau v\u00e0 chu\u1ea9n \u0111\u1ea7u ra c\u1ee5 th\u1ec3. Khoa c\u0169ng th\u01b0\u1eddng xuy\u00ean l\u1ea5y \u00fd ki\u1ebfn doanh nghi\u1ec7p c\u00f3 s\u1eed d\u1ee5ng ngu\u1ed3n nh\u00e2n l\u1ef1c do khoa \u0111\u00e0o t\u1ea1o, g\u1eb7p g\u1ee1 c\u1ef1u sinh vi\u00ean \u0111\u1ec3 c\u00f3 ph\u1ea3n h\u1ed3i v\u1ec1 n\u1ed9i dung, ch\u1ea5t l\u01b0\u1ee3ng ch\u01b0\u01a1ng tr\u00ecnh. C\u00e1n b\u1ed9 trong khoa \u0111\u00e3 t\u00edch c\u1ef1c tham gia c\u00e1c \u0111\u1ee3t t\u1eadp hu\u1ea5n v\u1ec1 x\u00e2y d\u1ef1ng ch\u01b0\u01a1ng tr\u00ecnh \u0111\u00e0o t\u1ea1o v\u00e0 ki\u1ec3m \u0111\u1ecbnh ch\u1ea5t l\u01b0\u1ee3ng gi\u00e1o d\u1ee5c do nh\u00e0 tr\u01b0\u1eddng ph\u1ed1i h\u1ee3p v\u1edbi c\u00e1c t\u1ed5 ch\u1ee9c qu\u1ed1c t\u1ebf th\u1ef1c hi\u1ec7n. \u0110\u1eb7c bi\u1ec7t, ng\u00e0nh C\u00f4ng ngh\u1ec7 D\u1ea7u kh\u00ed v\u00e0 Khai th\u00e1c d\u1ea7u \u0111\u00e3 ho\u00e0n th\u00e0nh \u0111\u00e1nh gi\u00e1 ngo\u00e0i theo ti\u00eau chu\u1ea9n AUN-QA (ASEAN University Network-Quality Assessment) v\u00e0o th\u00e1ng 04 n\u0103m 2018, ng\u00e0nh C\u00f4ng ngh\u1ec7 Th\u1ef1c ph\u1ea9m ho\u00e0n th\u00e0nh \u0111\u00e1nh gi\u00e1 ngo\u00e0i theo ti\u00eau chu\u1ea9n AUN-QA v\u00e0o th\u00e1ng 11 n\u0103m 2020. C\u00e1c ch\u01b0\u01a1ng tr\u00ecnh \u0111\u00e0o t\u1ea1o Ng\u00e0nh K\u1ef9 thu\u1eadt H\u00f3a h\u1ecdc v\u00e0 C\u00f4ng ngh\u1ec7 Sinh h\u1ecdc \u0111\u01b0\u1ee3c\u00a0ki\u1ec3m \u0111\u1ecbnh AUN-QA v\u00e0o\u00a0n\u0103m 2023.<\/p>\n<p>Nh\u1eefng k\u1ef9 s\u01b0 khi t\u1ed1t nghi\u1ec7p \u0111\u01b0\u1ee3c trang b\u1ecb kh\u00f4ng nh\u1eefng ki\u1ebfn th\u1ee9c l\u00fd thuy\u1ebft chuy\u00ean s\u00e2u, k\u1ef9 n\u0103ng th\u1ef1c h\u00e0nh t\u1ed1t m\u00e0 c\u00f2n c\u00f3 kh\u1ea3 n\u0103ng h\u1ee3p t\u00e1c, l\u00e0m vi\u1ec7c nh\u00f3m, tinh th\u1ea7n v\u01b0\u1ee3t kh\u00f3, tinh th\u1ea7n doanh ch\u1ee7 v\u00e0 kh\u1ea3 n\u0103ng kh\u1edfi nghi\u1ec7p \u0111\u1ec3 ph\u00f9 h\u1ee3p v\u1edbi s\u1ef1 h\u1ed9i nh\u1eadp ng\u00e0y c\u00e0ng cao c\u1ee7a n\u1ec1n kinh t\u1ebf Vi\u1ec7t Nam v\u00e0o m\u00f4i tr\u01b0\u1eddng khu v\u1ef1c ASEAN v\u00e0 qu\u1ed1c t\u1ebf.<\/p>\n<p>V\u1edbi \u0111\u1eb7c \u0111i\u1ec3m c\u1ee7a ng\u00e0nh H\u00f3a l\u00e0 khoa h\u1ecdc th\u1ef1c nghi\u1ec7m, v\u1edbi ph\u01b0\u01a1ng ch\u00e2m \u0111\u00e0o t\u1ea1o l\u00fd thuy\u1ebft g\u1eafn v\u1edbi th\u1ef1c h\u00e0nh, \u0111\u01b0\u1ee3c s\u1ef1 h\u1ed7 tr\u1ee3 c\u1ee7a tr\u01b0\u1eddng \u0110\u1ea1i h\u1ecdc B\u00e1ch khoa v\u00e0 \u0110\u1ea1i h\u1ecdc \u0110\u00e0 N\u1eb5ng, khoa H\u00f3a \u0111\u00e3 \u0111\u01b0\u1ee3c trang b\u1ecb ng\u00e0y c\u00e0ng nhi\u1ec1u c\u00e1c ph\u00f2ng th\u00ed nghi\u1ec7m hi\u1ec7n \u0111\u1ea1i. \u0110\u1ebfn nay khoa \u0111\u00e3 c\u00f3 10 ph\u00f2ng th\u00ed nghi\u1ec7m chuy\u00ean ng\u00e0nh v\u00e0 01 x\u01b0\u1edfng th\u1ef1c h\u00e0nh \u0111\u01b0\u1ee3c trang b\u1ecb nhi\u1ec1u thi\u1ebft b\u1ecb m\u1edbi nh\u01b0 c\u00e1c Ph\u00f2ng th\u00ed nghi\u1ec7m C\u00f4ng ngh\u1ec7 sinh h\u1ecdc, C\u00f4ng ngh\u1ec7 th\u1ef1c ph\u1ea9m, K\u1ef9 thu\u1eadt H\u00f3a h\u1ecdc polymer v\u00e0 \u0111\u1eb7c bi\u1ec7t l\u00e0 Ph\u00f2ng th\u00ed nghi\u1ec7m C\u00f4ng ngh\u1ec7 D\u1ea7u kh\u00ed v\u00e0 Khai th\u00e1c d\u1ea7u thu\u1ed9c d\u1ef1 \u00e1n t\u0103ng c\u01b0\u1eddng n\u0103ng l\u1ef1c nghi\u00ean c\u1ee9u v\u00e0 \u0111\u00e0o t\u1ea1o v\u1edbi t\u1ed5ng gi\u00e1 tr\u1ecb \u0111\u1ea7u t\u01b0 kho\u1ea3ng 60 t\u1ef7 \u0111\u1ed3ng.<\/p>\n<p>Ngo\u00e0i nhi\u1ec7m v\u1ee5 gi\u1ea3ng d\u1ea1y, c\u00e1n b\u1ed9 trong khoa r\u1ea5t ch\u00fa tr\u1ecdng \u0111\u1ebfn c\u00f4ng t\u00e1c nghi\u00ean c\u1ee9u khoa h\u1ecdc v\u00e0 nhi\u1ec1u th\u1ea7y c\u00f4 \u0111\u01b0\u1ee3c gi\u1ea3i th\u01b0\u1edfng NCKH c\u1ea5p B\u1ed9, c\u1ea5p th\u00e0nh ph\u1ed1. Nhi\u1ec1u \u0111\u1ec1 t\u00e0i c\u1ea5p Nh\u00e0 n\u01b0\u1edbc, Nafosted, c\u1ea5p B\u1ed9, c\u1ea5p Th\u00e0nh ph\u1ed1, c\u1ea5p \u0110\u1ea1i h\u1ecdc \u0110\u00e0 N\u1eb5ng, c\u1ea5p c\u01a1 s\u1edf \u0111\u00e3 \u0111\u01b0\u1ee3c nghi\u1ec7m thu v\u00e0 \u0111\u00e1nh gi\u00e1 cao. D\u01b0\u1edbi s\u1ef1 h\u01b0\u1edbng d\u1eabn c\u1ee7a c\u00e1c th\u1ea7y c\u00f4 gi\u00e1o trong khoa, nhi\u1ec1u \u0111\u1ec1 t\u00e0i sinh vi\u00ean \u0111\u01b0\u1ee3c gi\u1ea3i Vifotec, gi\u1ea3i th\u01b0\u1edfng c\u1ee7a B\u1ed9 Gi\u00e1o d\u1ee5c v\u00e0 \u0110\u00e0o t\u1ea1o. T\u1eeb k\u1ebft qu\u1ea3 c\u1ee7a c\u00e1c \u0111\u1ec1 t\u00e0i nghi\u00ean c\u1ee9u, nhi\u1ec1u b\u00e0i b\u00e1o khoa h\u1ecdc \u0111\u00e3 \u0111\u01b0\u1ee3c ch\u1ecdn \u0111\u0103ng tr\u00ean c\u00e1c t\u1ea1p ch\u00ed trong n\u01b0\u1edbc v\u00e0 qu\u1ed1c t\u1ebf trong danh m\u1ee5c ISI, SCI, SCIE, SCOPUS.<\/p>\n<p>C\u00e1c ho\u1ea1t \u0111\u1ed9ng c\u1ee7a C\u00f4ng \u0111o\u00e0n v\u00e0 Li\u00ean chi \u0111o\u00e0n khoa H\u00f3a c\u0169ng l\u00e0 nh\u1eefng \u0111i\u1ec3m s\u00e1ng trong nh\u00e0 tr\u01b0\u1eddng v\u1edbi nhi\u1ec1u ho\u1ea1t \u0111\u1ed9ng thi\u1ebft th\u1ef1c nh\u01b0 v\u0103n th\u1ec3 m\u1ef9, v\u1eadn \u0111\u1ed9ng \u0111\u00f3ng g\u00f3p qu\u1ef9 t\u00ecnh th\u01b0\u01a1ng, qu\u1ef9 v\u00ec ng\u01b0\u1eddi ngh\u00e8o, ch\u01b0\u01a1ng tr\u00ecnh t\u1eeb thi\u1ec7n \u1edf c\u00e1c huy\u1ec7n mi\u1ec1n n\u00fai Qu\u1ea3ng Nam, t\u1ed5 ch\u1ee9c L\u1ec5 \u0111\u00f3n t\u00e2n sinh vi\u00ean, t\u1ed5 ch\u1ee9c L\u1ec5 20-11 v.v\u2026<\/p>\n<p>H\u01a1n 45 n\u0103m v\u1edbi bi\u1ebft bao thay \u0111\u1ed5i, t\u1eeb nh\u1eefng kh\u00f3 kh\u0103n r\u1ea5t l\u1edbn c\u1ee7a bu\u1ed5i \u0111\u1ea7u th\u00e0nh l\u1eadp, qua t\u1eebng th\u1eddi k\u1ef3, c\u00e1n b\u1ed9 vi\u00ean ch\u1ee9c trong khoa \u0111\u00e3 n\u1ed7 l\u1ef1c, quy\u1ebft t\u00e2m x\u00e2y d\u1ef1ng khoa H\u00f3a th\u00e0nh m\u1ed9t trong nh\u1eefng khoa c\u00f3 k\u1ebft qu\u1ea3 \u0111\u00e0o t\u1ea1o t\u1ed1t, c\u00f3 phong tr\u00e0o nghi\u00ean c\u1ee9u khoa h\u1ecdc v\u00e0 m\u1ea1ng l\u01b0\u1edbi c\u1ef1u sinh vi\u00ean m\u1ea1nh trong tr\u01b0\u1eddng. V\u1edbi nh\u1eefng th\u00e0nh t\u00edch \u0111\u1ea1t \u0111\u01b0\u1ee3c, khoa \u0111\u00e3 hai l\u1ea7n vinh d\u1ef1 \u0111\u01b0\u1ee3c nh\u1eadn b\u1eb1ng khen c\u1ee7a B\u1ed9 tr\u01b0\u1edfng B\u1ed9 Gi\u00e1o d\u1ee5c v\u00e0 \u0110\u00e0o t\u1ea1o.<\/p>\n<p style=\"text-align: center;\"><img decoding=\"async\" src=\"https:\/\/dut.udn.vn\/Files\/khoahoa\/images\/MIN00030.jpg\" \/><\/p>\n<p><strong>BAN L\u00c3NH \u0110\u1ea0O KHOA H\u00d3A QUA C\u00c1C TH\u1edcI K\u1ef2<\/strong><\/p>\n<table border=\"1\" cellspacing=\"0\" cellpadding=\"4\" align=\"center\">\n<tbody>\n<tr>\n<td><strong>1978-1980:<\/strong><\/p>\n<p>TR\u01af\u1edeNG KHOA: PGS.TS.GVCC. PH\u1ea0M NG\u1eccC ANH<\/p>\n<p>PH\u00d3 TR\u01af\u1edeNG KHOA: KS.GVC. L\u00ca TH\u1ee8C<\/p>\n<p>PH\u00d3 TR\u01af\u1edeNG KHOA: KS.GVC. TH\u00c2N C\u01afU<\/p>\n<p><strong>1980-1985:\u00a0<\/strong><\/p>\n<p>TR\u01af\u1edeNG KHOA: PGS.TS.GVCC. PH\u1ea0M NG\u1eccC ANH<\/p>\n<p>PH\u00d3 TR\u01af\u1edeNG KHOA: KS.GVC. L\u00ca TH\u1ee8C<\/p>\n<p>PH\u00d3 TR\u01af\u1edeNG KHOA: GS.TSKH.GVCC. L\u00ca V\u0102N HO\u00c0NG<\/p>\n<p><strong>1985-1988:<\/strong><\/p>\n<p>TR\u01af\u1edeNG KHOA: PGS.TS.GVCC. PH\u1ea0M NG\u1eccC ANH<\/p>\n<p>PH\u00d3 TR\u01af\u1edeNG KHOA: KS.GVC. LI\u1ec2U \u0110\u00ccNH \u0110\u1ed2NG<\/p>\n<p>PH\u00d3 TR\u01af\u1edeNG KHOA: PGS.TS. NGUY\u1ec4N TH\u1ecc<\/p>\n<p><strong>1988-1990:<\/strong><\/p>\n<p>TR\u01af\u1edeNG KHOA: PGS.TS.GVCC. PH\u1ea0M NG\u1eccC ANH<\/p>\n<p>PH\u00d3 TR\u01af\u1edeNG KHOA: PGS.TS.GVCC. NGUY\u1ec4N TH\u1ecc<\/p>\n<p>PH\u00d3 TR\u01af\u1edeNG KHOA: TS.GVC. NGUY\u1ec4N K\u00cdNH<\/p>\n<p><strong>1990-1993:<\/strong><\/p>\n<p>TR\u01af\u1edeNG KHOA: PGS.TS.GVCC. PH\u1ea0M NG\u1eccC ANH<\/p>\n<p>PH\u00d3 TR\u01af\u1edeNG KHOA: PGS.TS.GVCC. NGUY\u1ec4N TH\u1ecc<\/p>\n<p>PH\u00d3 TR\u01af\u1edeNG KHOA: ThS.GVC. PH\u1ea0M H\u1eeeU H\u00d9NG<\/p>\n<p><strong>1993-1996:<\/strong><\/p>\n<p>TR\u01af\u1edeNG KHOA: PGS.TS.GVCC. TR\u1ea6N TH\u1eca X\u00d4<\/p>\n<p>PH\u00d3 TR\u01af\u1edeNG KHOA: ThS.GVC. PH\u1ea0M H\u1eeeU H\u00d9NG<\/p>\n<p>PH\u00d3 TR\u01af\u1edeNG KHOA: ThS.GVC. TR\u1ea6N V\u0102N TI\u1ebeN<\/p>\n<p><strong>1996-2001:<\/strong><\/p>\n<p>TR\u01af\u1edeNG KHOA: ThS.GVC. TR\u1ea6N V\u0102N TI\u1ebeN<\/p>\n<p>PH\u00d3 TR\u01af\u1edeNG KHOA: PGS.TS.GVCC. L\u00ca TH\u1eca LI\u00caN THANH<\/p>\n<p>PH\u00d3 TR\u01af\u1edeNG KHOA: ThS.GVC. TR\u1ea6N TH\u1ebe TRUY\u1ec0N<\/td>\n<td><strong>2001-2005:<\/strong><\/p>\n<p>TR\u01af\u1edeNG KHOA: TS.GVC. PH\u1ea0M NG\u1eccC TH\u1ea0CH<\/p>\n<p>PH\u00d3 TR\u01af\u1edeNG KHOA: KS.GVC. NGUY\u1ec4N TH\u1eca HUY\u1ec0N<\/p>\n<p><strong>2005-2007:<\/strong><\/p>\n<p>TR\u01af\u1edeNG KHOA: TS.GVC. PH\u1ea0M NG\u1eccC TH\u1ea0CH<\/p>\n<p>PH\u00d3 TR\u01af\u1edeNG KHOA: KS.GVC. NGUY\u1ec4N TH\u1eca HUY\u1ec0N<\/p>\n<p>PH\u00d3 TR\u01af\u1edeNG KHOA: PGS.TS.GVCC. NGUY\u1ec4N V\u0102N D\u0168NG<\/p>\n<p><strong>2007-2009:<\/strong><\/p>\n<p>TR\u01af\u1edeNG KHOA: PGS.TS.GVCC. NGUY\u1ec4N V\u0102N D\u0168NG<\/p>\n<p>PH\u00d3 TR\u01af\u1edeNG KHOA: KS.GVC. NGUY\u1ec4N TH\u1eca HUY\u1ec0N<\/p>\n<p>PH\u00d3 TR\u01af\u1edeNG KHOA: PGS.TS.GVCC. NGUY\u1ec4N \u0110\u00ccNH L\u00c2M<\/p>\n<p><strong>2009-2010:<\/strong><\/p>\n<p>TR\u01af\u1edeNG KHOA: PGS.TS.GVCC. NGUY\u1ec4N V\u0102N D\u0168NG<\/p>\n<p>PH\u00d3 TR\u01af\u1edeNG KHOA: GVC.ThS. PHAN TH\u1eca B\u00cdCH NG\u1eccC<\/p>\n<p>PH\u00d3 TR\u01af\u1edeNG KHOA: PGS.TS.GVCC. NGUY\u1ec4N \u0110\u00ccNH L\u00c2M<\/p>\n<p><strong>2010-2015:<\/strong><\/p>\n<p>TR\u01af\u1edeNG KHOA: PGS.TS.GVCC. NGUY\u1ec4N V\u0102N D\u0168NG<\/p>\n<p>PH\u00d3 TR\u01af\u1edeNG KHOA: PGS.TS. TR\u01af\u01a0NG TH\u1eca MINH H\u1ea0NH<\/p>\n<p>PH\u00d3 TR\u01af\u1edeNG KHOA: ThS.GVC. L\u00ca NG\u1eccC TRUNG<\/p>\n<p><strong>2015-2020:<\/strong><\/p>\n<p>TR\u01af\u1edeNG KHOA: PGS.TS.GVCC. NGUY\u1ec4N V\u0102N D\u0168NG<\/p>\n<p>PH\u00d3 TR\u01af\u1edeNG KHOA: PGS.TS.GVCC. \u0110\u0102NG MINH NH\u1eacT<\/p>\n<p>PH\u00d3 TR\u01af\u1edeNG KHOA: ThS.GVC. L\u00ca NG\u1eccC TRUNG<\/p>\n<p><strong>2020-2025:<\/strong><\/p>\n<p>TR\u01af\u1edeNG KHOA: PGS.TS.GVCC. \u0110\u1eb6NG MINH NH\u1eacT<\/p>\n<p>PH\u00d3 TR\u01af\u1edeNG KHOA: PGS.TS.GVCC. \u0110O\u00c0N TH\u1eca THU LOAN<\/p>\n<p>PH\u00d3 TR\u01af\u1edeNG KHOA: TS.GVC. \u0110\u1eb6NG KIM HO\u00c0NG (2020-2022)<\/p>\n<p>PH\u00d3 TR\u01af\u1edeNG KHOA: PGS.TS.GVCC. H\u1ed2 VI\u1ebeT TH\u1eaeNG<\/td>\n<\/tr>\n<\/tbody>\n<\/table>\n","protected":false},"excerpt":{"rendered":"<p>Th\u00e1ng 10 n\u0103m 1975 tr\u01b0\u1eddng \u0110\u1ea1i h\u1ecdc B\u00e1ch khoa \u0110\u00e0 N\u1eb5ng \u0111\u01b0\u1ee3c th\u00e0nh l\u1eadp v\u00e0 tuy\u1ec3n kh\u00f3a sinh vi\u00ean \u0111\u1ea7u ti\u00ean, l\u00fac \u0111\u00f3 ch\u1ec9 c\u00f3 b\u1ed1n khoa C\u01a1 kh\u00ed, \u0110i\u1ec7n, X\u00e2y d\u1ef1ng v\u00e0 Kinh t\u1ebf. Ng\u00e0y 9 th\u00e1ng 2 n\u0103m 1978 B\u1ed9 tr\u01b0\u1edfng b\u1ed9 \u0110\u1ea1i h\u1ecdc v\u00e0 Trung h\u1ecdc chuy\u00ean nghi\u1ec7p \u0111\u00e3 k\u00fd quy\u1ebft \u0111\u1ecbnh [&#8230;]\n","protected":false},"author":1,"featured_media":0,"parent":0,"menu_order":0,"comment_status":"closed","ping_status":"closed","template":"","meta":{"footnotes":""},"class_list":["post-487","page","type-page","status-publish","hentry"],"yoast_head":"<!-- This site is optimized with the Yoast SEO plugin v25.7 - https:\/\/yoast.com\/wordpress\/plugins\/seo\/ -->\n<title>Gi\u1edbi thi\u1ec7u chung - KHOA H\u00d3A<\/title>\n<meta name=\"robots\" content=\"index, follow, max-snippet:-1, max-image-preview:large, max-video-preview:-1\" \/>\n<link rel=\"canonical\" href=\"https:\/\/khoahoa.dut.udn.vn\/?page_id=487\" \/>\n<meta property=\"og:locale\" content=\"en_US\" \/>\n<meta property=\"og:type\" content=\"article\" \/>\n<meta property=\"og:title\" content=\"Gi\u1edbi thi\u1ec7u chung - KHOA H\u00d3A\" \/>\n<meta property=\"og:description\" content=\"Th\u00e1ng 10 n\u0103m 1975 tr\u01b0\u1eddng \u0110\u1ea1i h\u1ecdc B\u00e1ch khoa \u0110\u00e0 N\u1eb5ng \u0111\u01b0\u1ee3c th\u00e0nh l\u1eadp v\u00e0 tuy\u1ec3n kh\u00f3a sinh vi\u00ean \u0111\u1ea7u ti\u00ean, l\u00fac \u0111\u00f3 ch\u1ec9 c\u00f3 b\u1ed1n khoa C\u01a1 kh\u00ed, \u0110i\u1ec7n, X\u00e2y d\u1ef1ng v\u00e0 Kinh t\u1ebf. Ng\u00e0y 9 th\u00e1ng 2 n\u0103m 1978 B\u1ed9 tr\u01b0\u1edfng b\u1ed9 \u0110\u1ea1i h\u1ecdc v\u00e0 Trung h\u1ecdc chuy\u00ean nghi\u1ec7p \u0111\u00e3 k\u00fd quy\u1ebft \u0111\u1ecbnh [...]\" \/>\n<meta property=\"og:url\" content=\"https:\/\/khoahoa.dut.udn.vn\/?page_id=487\" \/>\n<meta property=\"og:site_name\" content=\"KHOA H\u00d3A\" \/>\n<meta property=\"article:modified_time\" content=\"2025-04-18T07:07:47+00:00\" \/>\n<meta property=\"og:image\" content=\"https:\/\/dut.udn.vn\/Files\/khoahoa\/images\/MIN00030.jpg\" \/>\n<meta name=\"twitter:card\" content=\"summary_large_image\" \/>\n<meta name=\"twitter:label1\" content=\"Est. reading time\" \/>\n\t<meta name=\"twitter:data1\" content=\"8 minutes\" \/>\n<script type=\"application\/ld+json\" class=\"yoast-schema-graph\">{\"@context\":\"https:\/\/schema.org\",\"@graph\":[{\"@type\":\"WebPage\",\"@id\":\"https:\/\/khoahoa.dut.udn.vn\/?page_id=487\",\"url\":\"https:\/\/khoahoa.dut.udn.vn\/?page_id=487\",\"name\":\"Gi\u1edbi thi\u1ec7u chung - KHOA H\u00d3A\",\"isPartOf\":{\"@id\":\"https:\/\/khoahoa.dut.udn.vn\/#website\"},\"primaryImageOfPage\":{\"@id\":\"https:\/\/khoahoa.dut.udn.vn\/?page_id=487#primaryimage\"},\"image\":{\"@id\":\"https:\/\/khoahoa.dut.udn.vn\/?page_id=487#primaryimage\"},\"thumbnailUrl\":\"https:\/\/dut.udn.vn\/Files\/khoahoa\/images\/MIN00030.jpg\",\"datePublished\":\"2025-03-01T16:32:03+00:00\",\"dateModified\":\"2025-04-18T07:07:47+00:00\",\"breadcrumb\":{\"@id\":\"https:\/\/khoahoa.dut.udn.vn\/?page_id=487#breadcrumb\"},\"inLanguage\":\"en-US\",\"potentialAction\":[{\"@type\":\"ReadAction\",\"target\":[\"https:\/\/khoahoa.dut.udn.vn\/?page_id=487\"]}]},{\"@type\":\"ImageObject\",\"inLanguage\":\"en-US\",\"@id\":\"https:\/\/khoahoa.dut.udn.vn\/?page_id=487#primaryimage\",\"url\":\"https:\/\/dut.udn.vn\/Files\/khoahoa\/images\/MIN00030.jpg\",\"contentUrl\":\"https:\/\/dut.udn.vn\/Files\/khoahoa\/images\/MIN00030.jpg\"},{\"@type\":\"BreadcrumbList\",\"@id\":\"https:\/\/khoahoa.dut.udn.vn\/?page_id=487#breadcrumb\",\"itemListElement\":[{\"@type\":\"ListItem\",\"position\":1,\"name\":\"Home\",\"item\":\"https:\/\/khoahoa.dut.udn.vn\/\"},{\"@type\":\"ListItem\",\"position\":2,\"name\":\"Gi\u1edbi thi\u1ec7u chung\"}]},{\"@type\":\"WebSite\",\"@id\":\"https:\/\/khoahoa.dut.udn.vn\/#website\",\"url\":\"https:\/\/khoahoa.dut.udn.vn\/\",\"name\":\"KHOA H\u00d3A\",\"description\":\"\",\"potentialAction\":[{\"@type\":\"SearchAction\",\"target\":{\"@type\":\"EntryPoint\",\"urlTemplate\":\"https:\/\/khoahoa.dut.udn.vn\/?s={search_term_string}\"},\"query-input\":{\"@type\":\"PropertyValueSpecification\",\"valueRequired\":true,\"valueName\":\"search_term_string\"}}],\"inLanguage\":\"en-US\"}]}<\/script>\n<!-- \/ Yoast SEO plugin. -->","yoast_head_json":{"title":"Gi\u1edbi thi\u1ec7u chung - KHOA H\u00d3A","robots":{"index":"index","follow":"follow","max-snippet":"max-snippet:-1","max-image-preview":"max-image-preview:large","max-video-preview":"max-video-preview:-1"},"canonical":"https:\/\/khoahoa.dut.udn.vn\/?page_id=487","og_locale":"en_US","og_type":"article","og_title":"Gi\u1edbi thi\u1ec7u chung - KHOA H\u00d3A","og_description":"Th\u00e1ng 10 n\u0103m 1975 tr\u01b0\u1eddng \u0110\u1ea1i h\u1ecdc B\u00e1ch khoa \u0110\u00e0 N\u1eb5ng \u0111\u01b0\u1ee3c th\u00e0nh l\u1eadp v\u00e0 tuy\u1ec3n kh\u00f3a sinh vi\u00ean \u0111\u1ea7u ti\u00ean, l\u00fac \u0111\u00f3 ch\u1ec9 c\u00f3 b\u1ed1n khoa C\u01a1 kh\u00ed, \u0110i\u1ec7n, X\u00e2y d\u1ef1ng v\u00e0 Kinh t\u1ebf. Ng\u00e0y 9 th\u00e1ng 2 n\u0103m 1978 B\u1ed9 tr\u01b0\u1edfng b\u1ed9 \u0110\u1ea1i h\u1ecdc v\u00e0 Trung h\u1ecdc chuy\u00ean nghi\u1ec7p \u0111\u00e3 k\u00fd quy\u1ebft \u0111\u1ecbnh [...]","og_url":"https:\/\/khoahoa.dut.udn.vn\/?page_id=487","og_site_name":"KHOA H\u00d3A","article_modified_time":"2025-04-18T07:07:47+00:00","og_image":[{"url":"https:\/\/dut.udn.vn\/Files\/khoahoa\/images\/MIN00030.jpg","type":"","width":"","height":""}],"twitter_card":"summary_large_image","twitter_misc":{"Est. reading time":"8 minutes"},"schema":{"@context":"https:\/\/schema.org","@graph":[{"@type":"WebPage","@id":"https:\/\/khoahoa.dut.udn.vn\/?page_id=487","url":"https:\/\/khoahoa.dut.udn.vn\/?page_id=487","name":"Gi\u1edbi thi\u1ec7u chung - KHOA H\u00d3A","isPartOf":{"@id":"https:\/\/khoahoa.dut.udn.vn\/#website"},"primaryImageOfPage":{"@id":"https:\/\/khoahoa.dut.udn.vn\/?page_id=487#primaryimage"},"image":{"@id":"https:\/\/khoahoa.dut.udn.vn\/?page_id=487#primaryimage"},"thumbnailUrl":"https:\/\/dut.udn.vn\/Files\/khoahoa\/images\/MIN00030.jpg","datePublished":"2025-03-01T16:32:03+00:00","dateModified":"2025-04-18T07:07:47+00:00","breadcrumb":{"@id":"https:\/\/khoahoa.dut.udn.vn\/?page_id=487#breadcrumb"},"inLanguage":"en-US","potentialAction":[{"@type":"ReadAction","target":["https:\/\/khoahoa.dut.udn.vn\/?page_id=487"]}]},{"@type":"ImageObject","inLanguage":"en-US","@id":"https:\/\/khoahoa.dut.udn.vn\/?page_id=487#primaryimage","url":"https:\/\/dut.udn.vn\/Files\/khoahoa\/images\/MIN00030.jpg","contentUrl":"https:\/\/dut.udn.vn\/Files\/khoahoa\/images\/MIN00030.jpg"},{"@type":"BreadcrumbList","@id":"https:\/\/khoahoa.dut.udn.vn\/?page_id=487#breadcrumb","itemListElement":[{"@type":"ListItem","position":1,"name":"Home","item":"https:\/\/khoahoa.dut.udn.vn\/"},{"@type":"ListItem","position":2,"name":"Gi\u1edbi thi\u1ec7u chung"}]},{"@type":"WebSite","@id":"https:\/\/khoahoa.dut.udn.vn\/#website","url":"https:\/\/khoahoa.dut.udn.vn\/","name":"KHOA H\u00d3A","description":"","potentialAction":[{"@type":"SearchAction","target":{"@type":"EntryPoint","urlTemplate":"https:\/\/khoahoa.dut.udn.vn\/?s={search_term_string}"},"query-input":{"@type":"PropertyValueSpecification","valueRequired":true,"valueName":"search_term_string"}}],"inLanguage":"en-US"}]}},"_links":{"self":[{"href":"https:\/\/khoahoa.dut.udn.vn\/index.php?rest_route=\/wp\/v2\/pages\/487","targetHints":{"allow":["GET"]}}],"collection":[{"href":"https:\/\/khoahoa.dut.udn.vn\/index.php?rest_route=\/wp\/v2\/pages"}],"about":[{"href":"https:\/\/khoahoa.dut.udn.vn\/index.php?rest_route=\/wp\/v2\/types\/page"}],"author":[{"embeddable":true,"href":"https:\/\/khoahoa.dut.udn.vn\/index.php?rest_route=\/wp\/v2\/users\/1"}],"replies":[{"embeddable":true,"href":"https:\/\/khoahoa.dut.udn.vn\/index.php?rest_route=%2Fwp%2Fv2%2Fcomments&post=487"}],"version-history":[{"count":4,"href":"https:\/\/khoahoa.dut.udn.vn\/index.php?rest_route=\/wp\/v2\/pages\/487\/revisions"}],"predecessor-version":[{"id":881,"href":"https:\/\/khoahoa.dut.udn.vn\/index.php?rest_route=\/wp\/v2\/pages\/487\/revisions\/881"}],"wp:attachment":[{"href":"https:\/\/khoahoa.dut.udn.vn\/index.php?rest_route=%2Fwp%2Fv2%2Fmedia&parent=487"}],"curies":[{"name":"wp","href":"https:\/\/api.w.org\/{rel}","templated":true}]}}