{"id":489,"date":"2025-03-01T23:32:03","date_gmt":"2025-03-01T16:32:03","guid":{"rendered":"https:\/\/khoahoa.dut.udn.vn\/?page_id=489"},"modified":"2025-04-18T14:18:14","modified_gmt":"2025-04-18T07:18:14","slug":"phan-cong-trach-nhiem","status":"publish","type":"page","link":"https:\/\/khoahoa.dut.udn.vn\/?page_id=489","title":{"rendered":"Ph\u00e2n c\u00f4ng tr\u00e1ch nhi\u1ec7m"},"content":{"rendered":"<p><strong>PH\u00c2N C\u00d4NG TR\u00c1CH NHI\u1ec6M C\u00c1C TH\u00c0NH VI\u00caN TRONG KHOA H\u00d3A 2020-2025<\/strong><\/p>\n<p><strong>I. Ban Ch\u1ee7 nhi\u1ec7m Khoa<\/strong><\/p>\n<p><strong>1. Tr\u01b0\u1edfng khoa<\/strong><\/p>\n<p>&#8211; Tham m\u01b0u, h\u1ed7 tr\u1ee3 Ban gi\u00e1m hi\u1ec7u;<\/p>\n<p>&#8211; X\u00e2y d\u1ef1ng v\u00e0 tri\u1ec3n khai chi\u1ebfn l\u01b0\u1ee3c ph\u00e1t tri\u1ec3n khoa;<\/p>\n<p>&#8211; Qu\u1ea3n l\u00fd tr\u1ef1c ti\u1ebfp c\u00f4ng t\u00e1c t\u1ed5 ch\u1ee9c, nh\u00e2n s\u1ef1;<\/p>\n<p>&#8211; Qu\u1ea3n l\u00fd tr\u1ef1c ti\u1ebfp c\u00f4ng t\u00e1c t\u00e0i ch\u00ednh;<\/p>\n<p>&#8211; Qu\u1ea3n l\u00fd tr\u1ef1c ti\u1ebfp c\u00f4ng t\u00e1c c\u01a1 s\u1edf v\u1eadt ch\u1ea5t;<\/p>\n<p>&#8211; Qu\u1ea3n l\u00fd tr\u1ef1c ti\u1ebfp c\u00f4ng t\u00e1c tuy\u1ec3n sinh;<\/p>\n<p>&#8211; Qu\u1ea3n l\u00fd chung c\u00f4ng t\u00e1c \u0111\u00e0o t\u1ea1o \u0111\u1ea1i h\u1ecdc v\u00e0 sau \u0111\u1ea1i h\u1ecdc;<\/p>\n<p>&#8211; Qu\u1ea3n l\u00fd chung c\u00f4ng t\u00e1c nghi\u00ean c\u1ee9u khoa h\u1ecdc v\u00e0 chuy\u1ec3n giao c\u00f4ng ngh\u1ec7;<\/p>\n<p>&#8211; Qu\u1ea3n l\u00fd chung c\u00f4ng t\u00e1c sinh vi\u00ean;<\/p>\n<p>&#8211; Qu\u1ea3n l\u00fd chung c\u00f4ng t\u00e1c h\u1ee3p t\u00e1c trong n\u01b0\u1edbc v\u00e0 qu\u1ed1c t\u1ebf;<\/p>\n<p>&#8211; Qu\u1ea3n l\u00fd chung c\u00f4ng t\u00e1c \u0111\u1ea3m b\u1ea3o ch\u1ea5t l\u01b0\u1ee3ng \u0111\u00e0o t\u1ea1o;<\/p>\n<p>&#8211; Qu\u1ea3n l\u00fd chung c\u00f4ng t\u00e1c thi \u0111ua, khen th\u01b0\u1edfng;<\/p>\n<p>&#8211; Qu\u1ea3n l\u00fd chung c\u00f4ng t\u00e1c truy\u1ec1n th\u00f4ng;<\/p>\n<p>&#8211; Ph\u1ed1i h\u1ee3p ho\u1ea1t \u0111\u1ed9ng v\u1edbi c\u00e1c t\u1ed5 ch\u1ee9c \u0111o\u00e0n th\u1ec3 (chi b\u1ed9, c\u00f4ng \u0111o\u00e0n, li\u00ean chi \u0111o\u00e0n, h\u1ed9i CCB);<\/p>\n<p>&#8211; Qu\u1ea3n l\u00fd c\u00e1c ho\u1ea1t \u0111\u1ed9ng c\u1ee7a B\u1ed9 m\u00f4n C\u00f4ng ngh\u1ec7 th\u1ef1c ph\u1ea9m v\u00e0 C\u00f4ng ngh\u1ec7 sinh h\u1ecdc;<\/p>\n<p>&#8211; Th\u1ef1c hi\u1ec7n c\u00e1c nhi\u1ec7m v\u1ee5 \u0111\u1ed9t xu\u1ea5t theo y\u00eau c\u1ea7u c\u1ee7a c\u1ea5p tr\u00ean.<\/p>\n<p><strong>2. Ph\u00f3 Tr\u01b0\u1edfng khoa 1<\/strong><\/p>\n<p>&#8211; Qu\u1ea3n l\u00fd tr\u1ef1c ti\u1ebfp c\u00f4ng t\u00e1c \u0111\u00e0o t\u1ea1o \u0111\u1ea1i h\u1ecdc v\u00e0 sau \u0111\u1ea1i h\u1ecdc;<\/p>\n<p>&#8211; Qu\u1ea3n l\u00fd tr\u1ef1c ti\u1ebfp c\u00f4ng t\u00e1c nghi\u00ean c\u1ee9u khoa h\u1ecdc v\u00e0 chuy\u1ec3n giao c\u00f4ng ngh\u1ec7;<\/p>\n<p>&#8211; Qu\u1ea3n l\u00fd chung c\u00e1c ho\u1ea1t \u0111\u1ed9ng c\u1ee7a B\u1ed9 m\u00f4n C\u00f4ng ngh\u1ec7 H\u00f3a h\u1ecdc-D\u1ea7u v\u00e0 kh\u00ed;<\/p>\n<p>&#8211; Tham gia qu\u1ea3n l\u00fd c\u00f4ng t\u00e1c thi \u0111ua khen th\u01b0\u1edfng;<\/p>\n<p>&#8211; Th\u1ef1c hi\u1ec7n c\u00e1c nhi\u1ec7m v\u1ee5 \u0111\u1ed9t xu\u1ea5t theo y\u00eau c\u1ea7u c\u1ee7a c\u1ea5p tr\u00ean.<\/p>\n<p><strong>3. Ph\u00f3 Tr\u01b0\u1edfng khoa 2<\/strong><\/p>\n<p>&#8211; Qu\u1ea3n l\u00fd tr\u1ef1c ti\u1ebfp c\u00f4ng t\u00e1c sinh vi\u00ean;<\/p>\n<p>&#8211; Qu\u1ea3n l\u00fd tr\u1ef1c ti\u1ebfp c\u00f4ng t\u00e1c \u0111\u1ea3m b\u1ea3o ch\u1ea5t l\u01b0\u1ee3ng \u0111\u00e0o t\u1ea1o;<\/p>\n<p>&#8211; Qu\u1ea3n l\u00fd tr\u1ef1c ti\u1ebfp c\u00f4ng t\u00e1c truy\u1ec1n th\u00f4ng;<\/p>\n<p>&#8211; Qu\u1ea3n l\u00fd tr\u1ef1c ti\u1ebfp ho\u1ea1t \u0111\u1ed9ng h\u1ee3p t\u00e1c qu\u1ed1c t\u1ebf;<\/p>\n<p>&#8211; Qu\u1ea3n l\u00fd chung c\u00e1c ho\u1ea1t \u0111\u1ed9ng c\u1ee7a B\u1ed9 m\u00f4n C\u00f4ng ngh\u1ec7 H\u00f3a h\u1ecdc v\u00e0 v\u1eadt li\u1ec7u;<\/p>\n<p>&#8211; Tham gia qu\u1ea3n l\u00fd c\u00f4ng t\u00e1c tuy\u1ec3n sinh;<\/p>\n<p>&#8211; Th\u1ef1c hi\u1ec7n c\u00e1c nhi\u1ec7m v\u1ee5 \u0111\u1ed9t xu\u1ea5t theo y\u00eau c\u1ea7u c\u1ee7a c\u1ea5p tr\u00ean.<\/p>\n<p><strong>II. Tr\u01b0\u1edfng b\u1ed9 m\u00f4n<\/strong><\/p>\n<p>&#8211; Qu\u1ea3n l\u00fd c\u01a1 s\u1edf v\u1eadt ch\u1ea5t c\u1ee7a B\u1ed9 m\u00f4n;<\/p>\n<p>&#8211; Qu\u1ea3n l\u00fd c\u00f4ng t\u00e1c nh\u00e2n s\u1ef1 c\u1ee7a B\u1ed9 m\u00f4n;<\/p>\n<p>&#8211; Qu\u1ea3n l\u00fd c\u00f4ng t\u00e1c Tuy\u1ec3n sinh c\u1ee7a B\u1ed9 m\u00f4n;<\/p>\n<p>&#8211; Qu\u1ea3n l\u00fd c\u00f4ng t\u00e1c \u0111\u00e0o t\u1ea1o \u0111\u1ea1i h\u1ecdc;<\/p>\n<p>&#8211; Qu\u1ea3n l\u00fd c\u00f4ng t\u00e1c \u0111\u00e0o t\u1ea1o sau \u0111\u1ea1i h\u1ecdc;<\/p>\n<p>&#8211; Qu\u1ea3n l\u00fd c\u00f4ng t\u00e1c sinh vi\u00ean;<\/p>\n<p>&#8211; Qu\u1ea3n l\u00fd c\u00f4ng t\u00e1c \u0111\u1ea3m b\u1ea3o ch\u1ea5t l\u01b0\u1ee3ng;<\/p>\n<p>&#8211; Qu\u1ea3n l\u00fd ho\u1ea1t \u0111\u1ed9ng h\u1ee3p t\u00e1c trong n\u01b0\u1edbc v\u00e0 qu\u1ed1c t\u1ebf;<\/p>\n<p>&#8211; Qu\u1ea3n l\u00fd c\u00f4ng t\u00e1c thi \u0111ua, khen th\u01b0\u1edfng;<\/p>\n<p>&#8211; Th\u1ef1c hi\u1ec7n c\u00e1c nhi\u1ec7m v\u1ee5 \u0111\u1ed9t xu\u1ea5t theo y\u00eau c\u1ea7u c\u1ee7a c\u1ea5p tr\u00ean.<\/p>\n<p><strong>III. C\u00e1n b\u1ed9 gi\u1ea3ng d\u1ea1y<\/strong><\/p>\n<p>&#8211; Tham gia x\u00e2y d\u1ef1ng Ch\u01b0\u01a1ng tr\u00ecnh \u0111\u00e0o t\u1ea1o;<\/p>\n<p>&#8211; Gi\u1ea3ng d\u1ea1y;<\/p>\n<p>&#8211; Nghi\u00ean c\u1ee9u khoa h\u1ecdc, chuy\u1ec3n giao c\u00f4ng ngh\u1ec7;<\/p>\n<p>&#8211; Tham gia c\u00f4ng t\u00e1c \u0111\u1ea3m b\u1ea3o ch\u1ea5t l\u01b0\u1ee3ng \u0111\u00e0o t\u1ea1o;<\/p>\n<p>&#8211; Th\u1ef1c hi\u1ec7n c\u00e1c nhi\u1ec7m v\u1ee5 \u0111\u1ed9t xu\u1ea5t theo y\u00eau c\u1ea7u c\u1ee7a c\u1ea5p tr\u00ean.<\/p>\n<p><strong>IV. Gi\u1ea3ng vi\u00ean th\u1ef1c h\u00e0nh\/C\u00e1n b\u1ed9 ph\u1ee5c v\u1ee5 th\u00ed nghi\u1ec7m<\/strong><\/p>\n<p>&#8211; Qu\u1ea3n l\u00fd ph\u00f2ng th\u00ed nghi\u1ec7m \u0111\u01b0\u1ee3c ph\u00e2n c\u00f4ng;<\/p>\n<p>&#8211; Chu\u1ea9n b\u1ecb c\u00e1c b\u00e0i th\u00ed nghi\u1ec7m;<\/p>\n<p>&#8211; Tham gia h\u01b0\u1edbng d\u1eabn th\u00ed nghi\u1ec7m;<\/p>\n<p>&#8211; Tham gia c\u00f4ng t\u00e1c \u0111\u1ea3m b\u1ea3o ch\u1ea5t l\u01b0\u1ee3ng;<\/p>\n<p>&#8211; Th\u1ef1c hi\u1ec7n c\u00e1c nhi\u1ec7m v\u1ee5 \u0111\u1ed9t xu\u1ea5t theo y\u00eau c\u1ea7u c\u1ee7a c\u1ea5p tr\u00ean.<\/p>\n<p><strong>V. Gi\u00e1o v\u1ee5 khoa<\/strong><\/p>\n<p>&#8211; Qu\u1ea3n l\u00fd c\u00f4ng t\u00e1c h\u1ecdc v\u1ee5;<\/p>\n<p>&#8211; Th\u1ef1c hi\u1ec7n c\u00e1c nhi\u1ec7m v\u1ee5 \u0111\u1ed9t xu\u1ea5t theo y\u00eau c\u1ea7u c\u1ee7a c\u1ea5p tr\u00ean.<\/p>\n<p><strong>VI. V\u0103n th\u01b0 khoa<\/strong><\/p>\n<p>&#8211; C\u00f4ng t\u00e1c v\u0103n th\u01b0;<\/p>\n<p>&#8211; Th\u1ef1c hi\u1ec7n c\u00e1c nhi\u1ec7m v\u1ee5 \u0111\u1ed9t xu\u1ea5t theo y\u00eau c\u1ea7u c\u1ee7a c\u1ea5p tr\u00ean.<\/p>\n<p><strong>VII. K\u1ebf to\u00e1n\/Th\u1ee7 qu\u1ef9 (ki\u00eam nhi\u1ec7m)<\/strong><\/p>\n<p>&#8211; Tham gia qu\u1ea3n l\u00fd t\u00e0i ch\u00ednh c\u1ee7a Khoa<\/p>\n","protected":false},"excerpt":{"rendered":"<p>PH\u00c2N C\u00d4NG TR\u00c1CH NHI\u1ec6M C\u00c1C TH\u00c0NH VI\u00caN TRONG KHOA H\u00d3A 2020-2025 I. Ban Ch\u1ee7 nhi\u1ec7m Khoa 1. Tr\u01b0\u1edfng khoa &#8211; Tham m\u01b0u, h\u1ed7 tr\u1ee3 Ban gi\u00e1m hi\u1ec7u; &#8211; X\u00e2y d\u1ef1ng v\u00e0 tri\u1ec3n khai chi\u1ebfn l\u01b0\u1ee3c ph\u00e1t tri\u1ec3n khoa; &#8211; Qu\u1ea3n l\u00fd tr\u1ef1c ti\u1ebfp c\u00f4ng t\u00e1c t\u1ed5 ch\u1ee9c, nh\u00e2n s\u1ef1; &#8211; Qu\u1ea3n l\u00fd tr\u1ef1c ti\u1ebfp c\u00f4ng [&#8230;]\n","protected":false},"author":1,"featured_media":0,"parent":0,"menu_order":0,"comment_status":"closed","ping_status":"closed","template":"","meta":{"footnotes":""},"class_list":["post-489","page","type-page","status-publish","hentry"],"yoast_head":"<!-- This site is optimized with the Yoast SEO plugin v25.7 - https:\/\/yoast.com\/wordpress\/plugins\/seo\/ -->\n<title>Ph\u00e2n c\u00f4ng tr\u00e1ch nhi\u1ec7m - KHOA H\u00d3A<\/title>\n<meta name=\"robots\" content=\"index, follow, max-snippet:-1, max-image-preview:large, max-video-preview:-1\" \/>\n<link rel=\"canonical\" href=\"https:\/\/khoahoa.dut.udn.vn\/?page_id=489\" \/>\n<meta property=\"og:locale\" content=\"en_US\" \/>\n<meta property=\"og:type\" content=\"article\" \/>\n<meta property=\"og:title\" content=\"Ph\u00e2n c\u00f4ng tr\u00e1ch nhi\u1ec7m - KHOA H\u00d3A\" \/>\n<meta property=\"og:description\" content=\"PH\u00c2N C\u00d4NG TR\u00c1CH NHI\u1ec6M C\u00c1C TH\u00c0NH VI\u00caN TRONG KHOA H\u00d3A 2020-2025 I. Ban Ch\u1ee7 nhi\u1ec7m Khoa 1. Tr\u01b0\u1edfng khoa &#8211; Tham m\u01b0u, h\u1ed7 tr\u1ee3 Ban gi\u00e1m hi\u1ec7u; &#8211; X\u00e2y d\u1ef1ng v\u00e0 tri\u1ec3n khai chi\u1ebfn l\u01b0\u1ee3c ph\u00e1t tri\u1ec3n khoa; &#8211; Qu\u1ea3n l\u00fd tr\u1ef1c ti\u1ebfp c\u00f4ng t\u00e1c t\u1ed5 ch\u1ee9c, nh\u00e2n s\u1ef1; &#8211; Qu\u1ea3n l\u00fd tr\u1ef1c ti\u1ebfp c\u00f4ng [...]\" \/>\n<meta property=\"og:url\" content=\"https:\/\/khoahoa.dut.udn.vn\/?page_id=489\" \/>\n<meta property=\"og:site_name\" content=\"KHOA H\u00d3A\" \/>\n<meta property=\"article:modified_time\" content=\"2025-04-18T07:18:14+00:00\" \/>\n<meta name=\"twitter:card\" content=\"summary_large_image\" \/>\n<meta name=\"twitter:label1\" content=\"Est. reading time\" \/>\n\t<meta name=\"twitter:data1\" content=\"3 minutes\" \/>\n<script type=\"application\/ld+json\" class=\"yoast-schema-graph\">{\"@context\":\"https:\/\/schema.org\",\"@graph\":[{\"@type\":\"WebPage\",\"@id\":\"https:\/\/khoahoa.dut.udn.vn\/?page_id=489\",\"url\":\"https:\/\/khoahoa.dut.udn.vn\/?page_id=489\",\"name\":\"Ph\u00e2n c\u00f4ng tr\u00e1ch nhi\u1ec7m - KHOA H\u00d3A\",\"isPartOf\":{\"@id\":\"https:\/\/khoahoa.dut.udn.vn\/#website\"},\"datePublished\":\"2025-03-01T16:32:03+00:00\",\"dateModified\":\"2025-04-18T07:18:14+00:00\",\"breadcrumb\":{\"@id\":\"https:\/\/khoahoa.dut.udn.vn\/?page_id=489#breadcrumb\"},\"inLanguage\":\"en-US\",\"potentialAction\":[{\"@type\":\"ReadAction\",\"target\":[\"https:\/\/khoahoa.dut.udn.vn\/?page_id=489\"]}]},{\"@type\":\"BreadcrumbList\",\"@id\":\"https:\/\/khoahoa.dut.udn.vn\/?page_id=489#breadcrumb\",\"itemListElement\":[{\"@type\":\"ListItem\",\"position\":1,\"name\":\"Home\",\"item\":\"https:\/\/khoahoa.dut.udn.vn\/\"},{\"@type\":\"ListItem\",\"position\":2,\"name\":\"Ph\u00e2n c\u00f4ng tr\u00e1ch nhi\u1ec7m\"}]},{\"@type\":\"WebSite\",\"@id\":\"https:\/\/khoahoa.dut.udn.vn\/#website\",\"url\":\"https:\/\/khoahoa.dut.udn.vn\/\",\"name\":\"KHOA H\u00d3A\",\"description\":\"\",\"potentialAction\":[{\"@type\":\"SearchAction\",\"target\":{\"@type\":\"EntryPoint\",\"urlTemplate\":\"https:\/\/khoahoa.dut.udn.vn\/?s={search_term_string}\"},\"query-input\":{\"@type\":\"PropertyValueSpecification\",\"valueRequired\":true,\"valueName\":\"search_term_string\"}}],\"inLanguage\":\"en-US\"}]}<\/script>\n<!-- \/ Yoast SEO plugin. -->","yoast_head_json":{"title":"Ph\u00e2n c\u00f4ng tr\u00e1ch nhi\u1ec7m - KHOA H\u00d3A","robots":{"index":"index","follow":"follow","max-snippet":"max-snippet:-1","max-image-preview":"max-image-preview:large","max-video-preview":"max-video-preview:-1"},"canonical":"https:\/\/khoahoa.dut.udn.vn\/?page_id=489","og_locale":"en_US","og_type":"article","og_title":"Ph\u00e2n c\u00f4ng tr\u00e1ch nhi\u1ec7m - KHOA H\u00d3A","og_description":"PH\u00c2N C\u00d4NG TR\u00c1CH NHI\u1ec6M C\u00c1C TH\u00c0NH VI\u00caN TRONG KHOA H\u00d3A 2020-2025 I. Ban Ch\u1ee7 nhi\u1ec7m Khoa 1. Tr\u01b0\u1edfng khoa &#8211; Tham m\u01b0u, h\u1ed7 tr\u1ee3 Ban gi\u00e1m hi\u1ec7u; &#8211; X\u00e2y d\u1ef1ng v\u00e0 tri\u1ec3n khai chi\u1ebfn l\u01b0\u1ee3c ph\u00e1t tri\u1ec3n khoa; &#8211; Qu\u1ea3n l\u00fd tr\u1ef1c ti\u1ebfp c\u00f4ng t\u00e1c t\u1ed5 ch\u1ee9c, nh\u00e2n s\u1ef1; &#8211; Qu\u1ea3n l\u00fd tr\u1ef1c ti\u1ebfp c\u00f4ng [...]","og_url":"https:\/\/khoahoa.dut.udn.vn\/?page_id=489","og_site_name":"KHOA H\u00d3A","article_modified_time":"2025-04-18T07:18:14+00:00","twitter_card":"summary_large_image","twitter_misc":{"Est. reading time":"3 minutes"},"schema":{"@context":"https:\/\/schema.org","@graph":[{"@type":"WebPage","@id":"https:\/\/khoahoa.dut.udn.vn\/?page_id=489","url":"https:\/\/khoahoa.dut.udn.vn\/?page_id=489","name":"Ph\u00e2n c\u00f4ng tr\u00e1ch nhi\u1ec7m - KHOA H\u00d3A","isPartOf":{"@id":"https:\/\/khoahoa.dut.udn.vn\/#website"},"datePublished":"2025-03-01T16:32:03+00:00","dateModified":"2025-04-18T07:18:14+00:00","breadcrumb":{"@id":"https:\/\/khoahoa.dut.udn.vn\/?page_id=489#breadcrumb"},"inLanguage":"en-US","potentialAction":[{"@type":"ReadAction","target":["https:\/\/khoahoa.dut.udn.vn\/?page_id=489"]}]},{"@type":"BreadcrumbList","@id":"https:\/\/khoahoa.dut.udn.vn\/?page_id=489#breadcrumb","itemListElement":[{"@type":"ListItem","position":1,"name":"Home","item":"https:\/\/khoahoa.dut.udn.vn\/"},{"@type":"ListItem","position":2,"name":"Ph\u00e2n c\u00f4ng tr\u00e1ch nhi\u1ec7m"}]},{"@type":"WebSite","@id":"https:\/\/khoahoa.dut.udn.vn\/#website","url":"https:\/\/khoahoa.dut.udn.vn\/","name":"KHOA H\u00d3A","description":"","potentialAction":[{"@type":"SearchAction","target":{"@type":"EntryPoint","urlTemplate":"https:\/\/khoahoa.dut.udn.vn\/?s={search_term_string}"},"query-input":{"@type":"PropertyValueSpecification","valueRequired":true,"valueName":"search_term_string"}}],"inLanguage":"en-US"}]}},"_links":{"self":[{"href":"https:\/\/khoahoa.dut.udn.vn\/index.php?rest_route=\/wp\/v2\/pages\/489","targetHints":{"allow":["GET"]}}],"collection":[{"href":"https:\/\/khoahoa.dut.udn.vn\/index.php?rest_route=\/wp\/v2\/pages"}],"about":[{"href":"https:\/\/khoahoa.dut.udn.vn\/index.php?rest_route=\/wp\/v2\/types\/page"}],"author":[{"embeddable":true,"href":"https:\/\/khoahoa.dut.udn.vn\/index.php?rest_route=\/wp\/v2\/users\/1"}],"replies":[{"embeddable":true,"href":"https:\/\/khoahoa.dut.udn.vn\/index.php?rest_route=%2Fwp%2Fv2%2Fcomments&post=489"}],"version-history":[{"count":3,"href":"https:\/\/khoahoa.dut.udn.vn\/index.php?rest_route=\/wp\/v2\/pages\/489\/revisions"}],"predecessor-version":[{"id":883,"href":"https:\/\/khoahoa.dut.udn.vn\/index.php?rest_route=\/wp\/v2\/pages\/489\/revisions\/883"}],"wp:attachment":[{"href":"https:\/\/khoahoa.dut.udn.vn\/index.php?rest_route=%2Fwp%2Fv2%2Fmedia&parent=489"}],"curies":[{"name":"wp","href":"https:\/\/api.w.org\/{rel}","templated":true}]}}