{"id":919,"date":"2025-04-19T16:48:32","date_gmt":"2025-04-19T09:48:32","guid":{"rendered":"https:\/\/khoahoa.dut.udn.vn\/?page_id=919"},"modified":"2025-04-20T16:59:27","modified_gmt":"2025-04-20T09:59:27","slug":"dao-tao-sau-dai-hoc","status":"publish","type":"page","link":"https:\/\/khoahoa.dut.udn.vn\/?page_id=919","title":{"rendered":"\u0110\u00e0o t\u1ea1o sau \u0111\u1ea1i h\u1ecdc"},"content":{"rendered":"<p>C\u00e1c chuy\u00ean ng\u00e0nh sau \u0111\u1ea1i h\u1ecdc t\u1ea1i Khoa H\u00f3a bao g\u1ed3m \u0111\u00e0o t\u1ea1o Th\u1ea1c s\u0129 v\u00e0 Ti\u1ebfn s\u0129.<\/p>\n<ul>\n<li>\u0110\u00e0o t\u1ea1o Th\u1ea1c s\u0129 g\u1ed3m 3 chuy\u00ean ng\u00e0nh&#8221;<\/li>\n<\/ul>\n<ol>\n<li>K\u1ef9 thu\u1eadt H\u00f3a h\u1ecdc<\/li>\n<li>C\u00f4ng ngh\u1ec7 Th\u1ef1c ph\u1ea9m<\/li>\n<li>C\u00f4ng ngh\u1ec7 Sinh h\u1ecdc<\/li>\n<\/ol>\n<ul>\n<li>\u0110\u00e0o t\u1ea1o Ti\u1ebfn s\u0129 g\u1ed3m 3 chuy\u00ean ng\u00e0nh:<\/li>\n<\/ul>\n<ol>\n<li>C\u00f4ng ngh\u1ec7 Th\u1ef1c ph\u1ea9m<\/li>\n<li>C\u00f4ng ngh\u1ec7 Sinh h\u1ecdc<\/li>\n<\/ol>\n","protected":false},"excerpt":{"rendered":"<p>C\u00e1c chuy\u00ean ng\u00e0nh sau \u0111\u1ea1i h\u1ecdc t\u1ea1i Khoa H\u00f3a bao g\u1ed3m \u0111\u00e0o t\u1ea1o Th\u1ea1c s\u0129 v\u00e0 Ti\u1ebfn s\u0129. \u0110\u00e0o t\u1ea1o Th\u1ea1c s\u0129 g\u1ed3m 3 chuy\u00ean ng\u00e0nh&#8221; K\u1ef9 thu\u1eadt H\u00f3a h\u1ecdc C\u00f4ng ngh\u1ec7 Th\u1ef1c ph\u1ea9m C\u00f4ng ngh\u1ec7 Sinh h\u1ecdc \u0110\u00e0o t\u1ea1o Ti\u1ebfn s\u0129 g\u1ed3m 3 chuy\u00ean ng\u00e0nh: C\u00f4ng ngh\u1ec7 Th\u1ef1c ph\u1ea9m C\u00f4ng ngh\u1ec7 Sinh h\u1ecdc<\/p>\n","protected":false},"author":1,"featured_media":0,"parent":0,"menu_order":0,"comment_status":"closed","ping_status":"closed","template":"","meta":{"footnotes":""},"class_list":["post-919","page","type-page","status-publish","hentry"],"yoast_head":"<!-- This site is optimized with the Yoast SEO plugin v25.7 - https:\/\/yoast.com\/wordpress\/plugins\/seo\/ -->\n<title>\u0110\u00e0o t\u1ea1o sau \u0111\u1ea1i h\u1ecdc - KHOA H\u00d3A<\/title>\n<meta name=\"robots\" content=\"index, follow, max-snippet:-1, max-image-preview:large, max-video-preview:-1\" \/>\n<link rel=\"canonical\" href=\"https:\/\/khoahoa.dut.udn.vn\/?page_id=919\" \/>\n<meta property=\"og:locale\" content=\"en_US\" \/>\n<meta property=\"og:type\" content=\"article\" \/>\n<meta property=\"og:title\" content=\"\u0110\u00e0o t\u1ea1o sau \u0111\u1ea1i h\u1ecdc - KHOA H\u00d3A\" \/>\n<meta property=\"og:description\" content=\"C\u00e1c chuy\u00ean ng\u00e0nh sau \u0111\u1ea1i h\u1ecdc t\u1ea1i Khoa H\u00f3a bao g\u1ed3m \u0111\u00e0o t\u1ea1o Th\u1ea1c s\u0129 v\u00e0 Ti\u1ebfn s\u0129. \u0110\u00e0o t\u1ea1o Th\u1ea1c s\u0129 g\u1ed3m 3 chuy\u00ean ng\u00e0nh&#8221; K\u1ef9 thu\u1eadt H\u00f3a h\u1ecdc C\u00f4ng ngh\u1ec7 Th\u1ef1c ph\u1ea9m C\u00f4ng ngh\u1ec7 Sinh h\u1ecdc \u0110\u00e0o t\u1ea1o Ti\u1ebfn s\u0129 g\u1ed3m 3 chuy\u00ean ng\u00e0nh: C\u00f4ng ngh\u1ec7 Th\u1ef1c ph\u1ea9m C\u00f4ng ngh\u1ec7 Sinh h\u1ecdc\" \/>\n<meta property=\"og:url\" content=\"https:\/\/khoahoa.dut.udn.vn\/?page_id=919\" \/>\n<meta property=\"og:site_name\" content=\"KHOA H\u00d3A\" \/>\n<meta property=\"article:modified_time\" content=\"2025-04-20T09:59:27+00:00\" \/>\n<meta name=\"twitter:card\" content=\"summary_large_image\" \/>\n<meta name=\"twitter:label1\" content=\"Est. reading time\" \/>\n\t<meta name=\"twitter:data1\" content=\"1 minute\" \/>\n<script type=\"application\/ld+json\" class=\"yoast-schema-graph\">{\"@context\":\"https:\/\/schema.org\",\"@graph\":[{\"@type\":\"WebPage\",\"@id\":\"https:\/\/khoahoa.dut.udn.vn\/?page_id=919\",\"url\":\"https:\/\/khoahoa.dut.udn.vn\/?page_id=919\",\"name\":\"\u0110\u00e0o t\u1ea1o sau \u0111\u1ea1i h\u1ecdc - KHOA H\u00d3A\",\"isPartOf\":{\"@id\":\"https:\/\/khoahoa.dut.udn.vn\/#website\"},\"datePublished\":\"2025-04-19T09:48:32+00:00\",\"dateModified\":\"2025-04-20T09:59:27+00:00\",\"breadcrumb\":{\"@id\":\"https:\/\/khoahoa.dut.udn.vn\/?page_id=919#breadcrumb\"},\"inLanguage\":\"en-US\",\"potentialAction\":[{\"@type\":\"ReadAction\",\"target\":[\"https:\/\/khoahoa.dut.udn.vn\/?page_id=919\"]}]},{\"@type\":\"BreadcrumbList\",\"@id\":\"https:\/\/khoahoa.dut.udn.vn\/?page_id=919#breadcrumb\",\"itemListElement\":[{\"@type\":\"ListItem\",\"position\":1,\"name\":\"Home\",\"item\":\"https:\/\/khoahoa.dut.udn.vn\/\"},{\"@type\":\"ListItem\",\"position\":2,\"name\":\"\u0110\u00e0o t\u1ea1o sau \u0111\u1ea1i h\u1ecdc\"}]},{\"@type\":\"WebSite\",\"@id\":\"https:\/\/khoahoa.dut.udn.vn\/#website\",\"url\":\"https:\/\/khoahoa.dut.udn.vn\/\",\"name\":\"KHOA H\u00d3A\",\"description\":\"\",\"potentialAction\":[{\"@type\":\"SearchAction\",\"target\":{\"@type\":\"EntryPoint\",\"urlTemplate\":\"https:\/\/khoahoa.dut.udn.vn\/?s={search_term_string}\"},\"query-input\":{\"@type\":\"PropertyValueSpecification\",\"valueRequired\":true,\"valueName\":\"search_term_string\"}}],\"inLanguage\":\"en-US\"}]}<\/script>\n<!-- \/ Yoast SEO plugin. -->","yoast_head_json":{"title":"\u0110\u00e0o t\u1ea1o sau \u0111\u1ea1i h\u1ecdc - KHOA H\u00d3A","robots":{"index":"index","follow":"follow","max-snippet":"max-snippet:-1","max-image-preview":"max-image-preview:large","max-video-preview":"max-video-preview:-1"},"canonical":"https:\/\/khoahoa.dut.udn.vn\/?page_id=919","og_locale":"en_US","og_type":"article","og_title":"\u0110\u00e0o t\u1ea1o sau \u0111\u1ea1i h\u1ecdc - KHOA H\u00d3A","og_description":"C\u00e1c chuy\u00ean ng\u00e0nh sau \u0111\u1ea1i h\u1ecdc t\u1ea1i Khoa H\u00f3a bao g\u1ed3m \u0111\u00e0o t\u1ea1o Th\u1ea1c s\u0129 v\u00e0 Ti\u1ebfn s\u0129. \u0110\u00e0o t\u1ea1o Th\u1ea1c s\u0129 g\u1ed3m 3 chuy\u00ean ng\u00e0nh&#8221; K\u1ef9 thu\u1eadt H\u00f3a h\u1ecdc C\u00f4ng ngh\u1ec7 Th\u1ef1c ph\u1ea9m C\u00f4ng ngh\u1ec7 Sinh h\u1ecdc \u0110\u00e0o t\u1ea1o Ti\u1ebfn s\u0129 g\u1ed3m 3 chuy\u00ean ng\u00e0nh: C\u00f4ng ngh\u1ec7 Th\u1ef1c ph\u1ea9m C\u00f4ng ngh\u1ec7 Sinh h\u1ecdc","og_url":"https:\/\/khoahoa.dut.udn.vn\/?page_id=919","og_site_name":"KHOA H\u00d3A","article_modified_time":"2025-04-20T09:59:27+00:00","twitter_card":"summary_large_image","twitter_misc":{"Est. reading time":"1 minute"},"schema":{"@context":"https:\/\/schema.org","@graph":[{"@type":"WebPage","@id":"https:\/\/khoahoa.dut.udn.vn\/?page_id=919","url":"https:\/\/khoahoa.dut.udn.vn\/?page_id=919","name":"\u0110\u00e0o t\u1ea1o sau \u0111\u1ea1i h\u1ecdc - KHOA H\u00d3A","isPartOf":{"@id":"https:\/\/khoahoa.dut.udn.vn\/#website"},"datePublished":"2025-04-19T09:48:32+00:00","dateModified":"2025-04-20T09:59:27+00:00","breadcrumb":{"@id":"https:\/\/khoahoa.dut.udn.vn\/?page_id=919#breadcrumb"},"inLanguage":"en-US","potentialAction":[{"@type":"ReadAction","target":["https:\/\/khoahoa.dut.udn.vn\/?page_id=919"]}]},{"@type":"BreadcrumbList","@id":"https:\/\/khoahoa.dut.udn.vn\/?page_id=919#breadcrumb","itemListElement":[{"@type":"ListItem","position":1,"name":"Home","item":"https:\/\/khoahoa.dut.udn.vn\/"},{"@type":"ListItem","position":2,"name":"\u0110\u00e0o t\u1ea1o sau \u0111\u1ea1i h\u1ecdc"}]},{"@type":"WebSite","@id":"https:\/\/khoahoa.dut.udn.vn\/#website","url":"https:\/\/khoahoa.dut.udn.vn\/","name":"KHOA H\u00d3A","description":"","potentialAction":[{"@type":"SearchAction","target":{"@type":"EntryPoint","urlTemplate":"https:\/\/khoahoa.dut.udn.vn\/?s={search_term_string}"},"query-input":{"@type":"PropertyValueSpecification","valueRequired":true,"valueName":"search_term_string"}}],"inLanguage":"en-US"}]}},"_links":{"self":[{"href":"https:\/\/khoahoa.dut.udn.vn\/index.php?rest_route=\/wp\/v2\/pages\/919","targetHints":{"allow":["GET"]}}],"collection":[{"href":"https:\/\/khoahoa.dut.udn.vn\/index.php?rest_route=\/wp\/v2\/pages"}],"about":[{"href":"https:\/\/khoahoa.dut.udn.vn\/index.php?rest_route=\/wp\/v2\/types\/page"}],"author":[{"embeddable":true,"href":"https:\/\/khoahoa.dut.udn.vn\/index.php?rest_route=\/wp\/v2\/users\/1"}],"replies":[{"embeddable":true,"href":"https:\/\/khoahoa.dut.udn.vn\/index.php?rest_route=%2Fwp%2Fv2%2Fcomments&post=919"}],"version-history":[{"count":3,"href":"https:\/\/khoahoa.dut.udn.vn\/index.php?rest_route=\/wp\/v2\/pages\/919\/revisions"}],"predecessor-version":[{"id":1052,"href":"https:\/\/khoahoa.dut.udn.vn\/index.php?rest_route=\/wp\/v2\/pages\/919\/revisions\/1052"}],"wp:attachment":[{"href":"https:\/\/khoahoa.dut.udn.vn\/index.php?rest_route=%2Fwp%2Fv2%2Fmedia&parent=919"}],"curies":[{"name":"wp","href":"https:\/\/api.w.org\/{rel}","templated":true}]}}